{"id":5116,"date":"2024-07-02T22:04:37","date_gmt":"2024-07-02T22:04:37","guid":{"rendered":"https:\/\/pasquet.greenit.cat\/checkout\/"},"modified":"2025-03-28T21:10:05","modified_gmt":"2025-03-28T21:10:05","slug":"confirmar","status":"publish","type":"page","link":"https:\/\/pascuetoffroad.com\/ca\/confirmar\/","title":{"rendered":"Confirmar"},"content":{"rendered":"\r\n<div data-block-name=\"woocommerce\/checkout\" class=\"wp-block-woocommerce-checkout alignwide wc-block-checkout is-loading\">\r\n<div data-block-name=\"woocommerce\/checkout-fields-block\" class=\"wp-block-woocommerce-checkout-fields-block\">\r\n<div data-block-name=\"woocommerce\/checkout-express-payment-block\" class=\"wp-block-woocommerce-checkout-express-payment-block\"><\/div>\r\n\r\n\r\n\r\n<div data-block-name=\"woocommerce\/checkout-contact-information-block\" class=\"wp-block-woocommerce-checkout-contact-information-block\"><\/div>\r\n\r\n\r\n\r\n<div data-block-name=\"woocommerce\/checkout-shipping-method-block\" class=\"wp-block-woocommerce-checkout-shipping-method-block\"><\/div>\r\n\r\n\r\n\r\n<div data-block-name=\"woocommerce\/checkout-pickup-options-block\" class=\"wp-block-woocommerce-checkout-pickup-options-block\"><\/div>\r\n\r\n\r\n\r\n<div data-block-name=\"woocommerce\/checkout-shipping-address-block\" class=\"wp-block-woocommerce-checkout-shipping-address-block\"><\/div>\r\n\r\n\r\n\r\n<div data-block-name=\"woocommerce\/checkout-billing-address-block\" class=\"wp-block-woocommerce-checkout-billing-address-block\"><\/div>\r\n\r\n\r\n\r\n<div data-block-name=\"woocommerce\/checkout-shipping-methods-block\" class=\"wp-block-woocommerce-checkout-shipping-methods-block\"><\/div>\r\n\r\n\r\n\r\n<div data-block-name=\"woocommerce\/checkout-payment-block\" class=\"wp-block-woocommerce-checkout-payment-block\"><\/div>\r\n\r\n\r\n\r\n<div data-block-name=\"woocommerce\/checkout-additional-information-block\" class=\"wp-block-woocommerce-checkout-additional-information-block\"><\/div>\r\n\r\n\r\n\r\n<div data-block-name=\"woocommerce\/checkout-order-note-block\" class=\"wp-block-woocommerce-checkout-order-note-block\"><\/div>\r\n\r\n\r\n<div class=\"wc-block-components-checkout-step__heading\">\r\n<h2 class=\"wc-block-components-title wc-block-components-checkout-step__title\"><b>EXEMPCI\u00d3 I REN\u00daNCIA DE RESPONSABILITAT<\/b><\/h2><\/div>\r\n\r\n<div class=\"justified scroll-block wc-block-checkout__terms wc-block-checkout__terms--with-separator wp-block-woocommerce-checkout-terms-block\">\r\n<p>SI US PLAU, LLEGEIXI DETINGUDAMENT LA NOSTRA EXEMPCI\u00d3 I REN\u00daNCIA DE RESPONSABILITAT<\/p>\r\n\r\n<p>1. ACCEPTACI\u00d3 DEL RISC<\/p>\r\n<p>El participant reconeix i accepta que el motocross, l&#8217;enduro i el trial s\u00f3n activitats d&#8217;alt risc que poden resultar en lesions greus, discapacitat o fins i tot la mort. En accedir i utilitzar les instal\u00b7lacions d&#8217;Off Road Activities, S.L., el participant assumeix volunt\u00e0riament tots els riscos associats amb l&#8217;activitat.<\/p>\r\n\r\n<p>2. REN\u00daNCIA A RECLAMACIONS<\/p>\r\n<p>El participant, en nom propi i en el dels seus hereus, familiars, representants legals i asseguradores, renuncia a qualsevol reclamaci\u00f3, demanda o acci\u00f3 legal contra Off Road Activities, S.L., els seus propietaris, empleats, instructors i col\u00b7laboradors per qualsevol lesi\u00f3, dany o p\u00e8rdua soferta durant l&#8217;activitat, sigui causada per neglig\u00e8ncia o qualsevol altra causa.<\/p>\r\n\r\n<p>3. NORMES DE SEGURETAT<\/p>\r\n<p>El participant es compromet a complir totes les normes de seguretat establertes per Off Road Activities, S.L., incl\u00f2s l&#8217;\u00fas obligatori d&#8217;equip de protecci\u00f3 adequat (casc, botes, guants, genolleres, entre d&#8217;altres) i a seguir les instruccions del personal autoritzat. L&#8217;incompliment d&#8217;aquestes normes pot resultar en l&#8217;expulsi\u00f3 de les instal\u00b7lacions sense dret a reemborsament.<\/p>\r\n\r\n<p>4. CONDICIONS DE SALUT<\/p>\r\n<p>El participant declara estar en \u00f2ptimes condicions f\u00edsiques i de salut per realitzar l&#8217;activitat i assumeix la responsabilitat per qualsevol problema m\u00e8dic que pugui sorgir com a resultat. Off Road Activities, S.L. no es fa responsable de condicions m\u00e8diques preexistents o emerg\u00e8ncies m\u00e8diques que puguin oc\u00f3rrer durant l&#8217;activitat.<\/p>\r\n\r\n<p>5. AUTORITZACI\u00d3 PER A L&#8217;\u00daS D&#8217;IMATGE<\/p>\r\n<p>El participant autoritza Off Road Activities, S.L. a prendre fotografies i v\u00eddeos durant l&#8217;activitat i a utilitzar-los amb finalitats promocionals en xarxes socials, llocs web i materials publicitaris, sense dret a cap compensaci\u00f3.<\/p>\r\n\r\n<p>6. PROTECCI\u00d3 DE DADES I PRIVACITAT<\/p>\r\n<p>El participant autoritza Off Road Activities, S.L. a recopilar, emmagatzemar i processar les seves dades personals d&#8217;acord amb les lleis de protecci\u00f3 de dades aplicables. Aquesta informaci\u00f3 s&#8217;utilitzar\u00e0 \u00fanicament amb finalitats administratives, de seguretat i promocionals relacionades amb les activitats d&#8217;Off Road Activities, S.L. El participant t\u00e9 dret a accedir, rectificar o sol\u00b7licitar l&#8217;eliminaci\u00f3 de les seves dades personals contactant directament amb l&#8217;empresa.<\/p>\r\n\r\n<p>7. ACCEPTACI\u00d3 DELS TERMES<\/p>\r\n<p>En acceptar aquest document en l\u00ednia, el participant declara haver llegit, compr\u00e8s i acceptat tots els termes d&#8217;aquesta exempci\u00f3 de responsabilitat. S&#8217;enviar\u00e0 una c\u00f2pia en PDF d&#8217;aquest document per correu electr\u00f2nic, la qual haur\u00e0 de ser completada, signada i lliurada a l&#8217;arribada al centre.<\/p>\r\n\r\n<p>S&#8217;haur\u00e0 de presentar i lliurar degudament emplenat i signat a la recepci\u00f3 el dia de la reserva.<\/p>\r\n\r\n<\/div>\r\n\r\n<div class=\"justified\"><input type=\"checkbox\" id=\"check_condiciones\" name=\"autorize\" required><span class=\" wc-block-components-checkbox__label\"><b>Accepto els <u><a href=\"\/ca\/termes-del-servei\/\" target=\"_blank\">Termes i condicions<\/a><\/u>, la <a href=\"\/ca\/termes-del-servei\/\" target=\"_blank\"><u>Pol\u00edtica de privadesa<\/u><\/a>, aix\u00ed com el document d&#8217;exempci\u00f3 de responsabilitat que s&#8217;ha de lliurar degudament emplenat i signat a la recepci\u00f3 el dia de la reserva.<\/b><\/span>\r\n<\/div>\r\n\r\n<br>\r\n<div>\r\n<a class=\"download\" href=\"\/wp-content\/uploads\/2016\/08\/Autorizacion-adulto-CURSO.docx\">Autoritzaci\u00f3 adults<\/a><a  class=\"download\" href=\"\/wp-content\/uploads\/2016\/08\/Autorizacion-menores-CURSO.docx\">Autoritzaci\u00f3 menors<\/a>\r\n<\/div>\r\n<br>\r\n<br>\r\n\r\n\r\n\r\n<div data-block-name=\"woocommerce\/checkout-actions-block\" class=\"wp-block-woocommerce-checkout-actions-block\"><\/div>\r\n<\/div>\r\n\r\n\r\n\r\n<div data-block-name=\"woocommerce\/checkout-totals-block\" class=\"wp-block-woocommerce-checkout-totals-block\">\r\n<div data-block-name=\"woocommerce\/checkout-order-summary-block\" class=\"wp-block-woocommerce-checkout-order-summary-block\">\r\n<div data-block-name=\"woocommerce\/checkout-order-summary-cart-items-block\" class=\"wp-block-woocommerce-checkout-order-summary-cart-items-block\"><\/div>\r\n\r\n\r\n\r\n<div data-block-name=\"woocommerce\/checkout-order-summary-coupon-form-block\" class=\"wp-block-woocommerce-checkout-order-summary-coupon-form-block\"><\/div>\r\n\r\n\r\n\r\n\r\n\r\n\r\n\r\n\r\n\r\n\r\n\r\n\r\n\r\n\r\n\r\n\r\n\r\n\r\n\r\n<div data-block-name=\"woocommerce\/checkout-order-summary-totals-block\" class=\"wp-block-woocommerce-checkout-order-summary-totals-block\">\n<div data-block-name=\"woocommerce\/checkout-order-summary-subtotal-block\" class=\"wp-block-woocommerce-checkout-order-summary-subtotal-block\"><\/div>\n<div data-block-name=\"woocommerce\/checkout-order-summary-discount-block\" class=\"wp-block-woocommerce-checkout-order-summary-discount-block\"><\/div>\n<div data-block-name=\"woocommerce\/checkout-order-summary-fee-block\" class=\"wp-block-woocommerce-checkout-order-summary-fee-block\"><\/div>\n<div data-block-name=\"woocommerce\/checkout-order-summary-shipping-block\" class=\"wp-block-woocommerce-checkout-order-summary-shipping-block\"><\/div>\n<div data-block-name=\"woocommerce\/checkout-order-summary-taxes-block\" class=\"wp-block-woocommerce-checkout-order-summary-taxes-block\"><\/div><\/div>\r\n<\/div>\r\n<\/div>\r\n<\/div>\r\n","protected":false},"excerpt":{"rendered":"EXEMPCI\u00d3 I REN\u00daNCIA DE RESPONSABILITAT SI US PLAU, LLEGEIXI DETINGUDAMENT LA NOSTRA EXEMPCI\u00d3 I REN\u00daNCIA DE RESPONSABILITAT 1. ACCEPTACI\u00d3 DEL RISC El [...]","protected":false},"author":1,"featured_media":0,"parent":0,"menu_order":0,"comment_status":"closed","ping_status":"closed","template":"","meta":{"footnotes":""},"class_list":["post-5116","page","type-page","status-publish","hentry"],"_links":{"self":[{"href":"https:\/\/pascuetoffroad.com\/ca\/wp-json\/wp\/v2\/pages\/5116","targetHints":{"allow":["GET"]}}],"collection":[{"href":"https:\/\/pascuetoffroad.com\/ca\/wp-json\/wp\/v2\/pages"}],"about":[{"href":"https:\/\/pascuetoffroad.com\/ca\/wp-json\/wp\/v2\/types\/page"}],"author":[{"embeddable":true,"href":"https:\/\/pascuetoffroad.com\/ca\/wp-json\/wp\/v2\/users\/1"}],"replies":[{"embeddable":true,"href":"https:\/\/pascuetoffroad.com\/ca\/wp-json\/wp\/v2\/comments?post=5116"}],"version-history":[{"count":11,"href":"https:\/\/pascuetoffroad.com\/ca\/wp-json\/wp\/v2\/pages\/5116\/revisions"}],"predecessor-version":[{"id":6396,"href":"https:\/\/pascuetoffroad.com\/ca\/wp-json\/wp\/v2\/pages\/5116\/revisions\/6396"}],"wp:attachment":[{"href":"https:\/\/pascuetoffroad.com\/ca\/wp-json\/wp\/v2\/media?parent=5116"}],"curies":[{"name":"wp","href":"https:\/\/api.w.org\/{rel}","templated":true}]}}