{"id":5888,"date":"2024-06-30T18:48:21","date_gmt":"2024-06-30T18:48:21","guid":{"rendered":"https:\/\/pasquet.greenit.cat\/terms-of-service\/"},"modified":"2025-02-10T10:12:57","modified_gmt":"2025-02-10T10:12:57","slug":"termes-del-servei","status":"publish","type":"page","link":"https:\/\/pascuetoffroad.com\/ca\/termes-del-servei\/","title":{"rendered":"Termes i condicions del servei"},"content":{"rendered":"<p>Acceptaci\u00f3 dels Termes<br \/>\nEn accedir i utilitzar el lloc web de Pascuet Off Road Center (OFFROAD ACTIVITIES, SL) (&#8220;nosaltres,&#8221; &#8220;ens&#8221; o &#8220;el nostre&#8221;), acceptes complir amb aquests Termes de Servei i amb totes les lleis i regulacions aplicables. Si no est\u00e0s d\u2019acord amb alguna part d\u2019aquests termes, tens prohibit utilitzar o accedir a aquest lloc.<\/p>\n<p>Llic\u00e8ncia d\u2019\u00das<br \/>\nEs concedeix perm\u00eds per descarregar temporalment una c\u00f2pia dels materials (informaci\u00f3 o programari) del lloc web de Pascuet Off Road Center (OFFROAD ACTIVITIES, SL) per a la seva visualitzaci\u00f3 personal i transit\u00f2ria, sense finalitats comercials. Aquesta concessi\u00f3 \u00e9s una llic\u00e8ncia, no una transfer\u00e8ncia de propietat, i sota aquesta llic\u00e8ncia, no pots:<\/p>\n<p>Modificar o copiar els materials;<br \/>\nUtilitzar els materials per a qualsevol finalitat comercial o per a exhibicions p\u00fabliques (comercials o no comercials);<br \/>\nIntentar descompilar o aplicar enginyeria inversa a qualsevol programari contingut al lloc web de Pascuet Off Road Center (OFFROAD ACTIVITIES, SL);<br \/>\nEliminar qualsevol dret d\u2019autor o altres notificacions de propietat dels materials; o<br \/>\nTransferir els materials a una altra persona o &#8220;reflectir&#8221; els materials en qualsevol altre servidor.<br \/>\nExempci\u00f3 de Responsabilitat<br \/>\nEls materials del lloc web de Pascuet Off Road Center (OFFROAD ACTIVITIES, SL) es proporcionen &#8220;tal qual&#8221;. Pascuet Off Road Center (OFFROAD ACTIVITIES, SL) no ofereix garanties, expresses o impl\u00edcites, i per la present renuncia i nega totes les altres garanties, incloses, entre d&#8217;altres, garanties impl\u00edcites de comercialitzaci\u00f3, idone\u00eftat per a un prop\u00f2sit particular o no infracci\u00f3 de propietat intel\u00b7lectual o altres violacions de drets.<\/p>\n<p>Limitacions<br \/>\nEn cap cas Pascuet Off Road Center (OFFROAD ACTIVITIES, SL) ni els seus prove\u00efdors seran responsables de cap dany (incloent-hi, entre d\u2019altres, danys per p\u00e8rdua de dades o beneficis, o per interrupci\u00f3 del negoci) que sorgeixi de l\u2019\u00fas o la impossibilitat d\u2019utilitzar els materials al lloc web de Pascuet Off Road Center (OFFROAD ACTIVITIES, SL), fins i tot si Pascuet Off Road Center (OFFROAD ACTIVITIES, SL) o un representant autoritzat ha estat notificat oralment o per escrit sobre la possibilitat d\u2019aquests danys.<\/p>\n<p>Revisions i Errors<br \/>\nEls materials que apareixen al lloc web de Pascuet Off Road Center (OFFROAD ACTIVITIES, SL) poden incloure errors t\u00e8cnics, tipogr\u00e0fics o fotogr\u00e0fics. Pascuet Off Road Center (OFFROAD ACTIVITIES, SL) no garanteix que els materials del seu lloc web siguin exactes, complets o actuals. Pascuet Off Road Center (OFFROAD ACTIVITIES, SL) pot fer canvis als materials continguts en el seu lloc web en qualsevol moment i sense previ av\u00eds. No obstant aix\u00f2, no assumeix cap comprom\u00eds d\u2019actualitzar els materials.<\/p>\n<p>Enlla\u00e7os<br \/>\nPascuet Off Road Center (OFFROAD ACTIVITIES, SL) no ha revisat tots els llocs enlla\u00e7ats al seu lloc web i no \u00e9s responsable del contingut de cap d\u2019aquests llocs. La inclusi\u00f3 de qualsevol enlla\u00e7 no implica l\u2019aprovaci\u00f3 de Pascuet Off Road Center (OFFROAD ACTIVITIES, SL) del lloc enlla\u00e7at. L\u2019\u00fas de qualsevol lloc web enlla\u00e7at \u00e9s sota la pr\u00f2pia responsabilitat de l\u2019usuari.<\/p>\n<p>Modificacions dels Termes de Servei<br \/>\nPascuet Off Road Center (OFFROAD ACTIVITIES, SL) pot revisar aquests Termes de Servei en qualsevol moment sense previ av\u00eds. En utilitzar aquest lloc web, acceptes complir amb la versi\u00f3 vigent d\u2019aquests Termes de Servei.<\/p>\n<p>Autoritzaci\u00f3 i ren\u00fancia a la reclamaci\u00f3 de responsabilitat<br \/>\nUs informem que l&#8217;organitzaci\u00f3 no es fa responsable dels accidents o de qualsevol altre perjudici, dany personal o a tercers que es pugui patir durant el desenvolupament de l&#8217;activitat que es realitzi a les instal\u00b7lacions d&#8217;Off Road Activities, S.L., quedant exonerada de qualsevol responsabilitat civil o penal.<\/p>\n<p>A causa del tipus d&#8217;esport, activitats i\/o serveis que es duen a terme, Off Road Activities, S.L. adverteix dels riscos a tots els inscrits, participants, visitants o acompanyants.<\/p>\n<p>El pilot i els acompanyants afirmen i accepten que:<\/p>\n<p>Estic assabentat que en pilotar, conduir o practicar esport en motocicleta o en qualsevol altra modalitat a les instal\u00b7lacions d&#8217;Off Road Activities, S.L., es participa en una activitat perillosa, amb possibilitat extrema de mort, par\u00e0lisi permanent o fractures i ferides greus.<br \/>\nParticipo en qualsevol d&#8217;aquestes activitats de manera volunt\u00e0ria i amb ple coneixement del perill que comporten, i aix\u00ed ho verifico signant aquest document.<br \/>\nDes del primer moment de l&#8217;\u00fas de les instal\u00b7lacions, circulo sota el meu exclusiu risc i responsabilitat, renunciant a qualsevol reclamaci\u00f3 per danys o perjudicis o a qualsevol acci\u00f3 penal o civil de responsabilitat contractual o extracontractual, tant durant com despr\u00e9s de les activitats, contra Off Road Activities, S.L., els seus gestors i promotors o contra el personal que presta els seus serveis a Off Road Activities, S.L.<br \/>\nQue el pilot, major de 18 anys, assumeix tota la responsabilitat pels danys personals que pugui patir durant el desenvolupament de les activitats a Off Road Activities, S.L., aix\u00ed com dels danys que pugui ocasionar a tercers, i dels robatoris o p\u00e8rdues que pugui patir, excloent de qualsevol responsabilitat els gestors, promotors o personal encarregat de vetllar pel bon \u00fas i manteniment de les instal\u00b7lacions.<br \/>\nHe llegit atentament aquest acord i en comprenc completament el contingut. S\u00f3c conscient que aquest acord \u00e9s una exempci\u00f3 de responsabilitat de totes les reclamacions i indemnitzacions i un comprom\u00eds entre la meva persona i Off Road Activities, S.L., i\/o les persones i empreses que presten serveis a la mateixa.<\/p>\n<p>Autoritzaci\u00f3 d\u2019\u00fas de drets d\u2019imatge<br \/>\nOff Road Activities, S.L. disposa d\u2019un espai web: www.pascuetoffroadcenter.com on informa i difon les seves activitats al centre.<\/p>\n<p>En aquesta p\u00e0gina web es poden publicar imatges o filmacions on apareguin, individualment o en grup, pilots\/alumnes realitzant aquestes activitats.<\/p>\n<p>D\u2019acord amb l\u2019article 18.1 de la Constituci\u00f3 i la Llei 5\/1982, de 5 de maig, sobre el dret a l\u2019honor, la intimitat personal i familiar i la pr\u00f2pia imatge, la direcci\u00f3 d\u2019aquest centre demana el vostre consentiment per:<\/p>\n<p>AUTORITZO a Off Road Activities, S.L. perqu\u00e8 la meva imatge o la del meu fill\/a, realitzada individualment o en grup, pugui apar\u00e8ixer publicada a:<\/p>\n<p>La p\u00e0gina web del centre, xarxes socials com YouTube, Facebook, Twitter, Instagram;<br \/>\nRevistes, diaris o altres publicacions del centre;<br \/>\nFotografies per a revistes, diaris o publicacions destinades a informaci\u00f3 o difusi\u00f3.<br \/>\nProtecci\u00f3 de Dades<br \/>\nUs informem que Off Road Activities, S.L. \u00e9s el responsable del tractament de les vostres dades personals, i les tractar\u00e0 de manera confidencial i exclusivament per al desenvolupament de l&#8217;activitat contractada, complint amb la normativa vigent en mat\u00e8ria de protecci\u00f3 de dades.<\/p>\n<p>Aquesta informaci\u00f3 ser\u00e0 conservada \u00fanicament durant la relaci\u00f3 comercial i posteriorment destru\u00efda dins dels l\u00edmits legals. Podem cedir les vostres dades a companyies asseguradores per cobrir possibles conting\u00e8ncies. Podeu exercir els vostres drets d\u2019acc\u00e9s, rectificaci\u00f3 i altres previstos a la normativa vigent contactant a info@pascuetoffroadcenter.com.<\/p>\n","protected":false},"excerpt":{"rendered":"<p>Acceptaci\u00f3 dels Termes En accedir i utilitzar el lloc web de Pascuet Off Road Center (OFFROAD ACTIVITIES, SL) (&#8220;nosaltres,&#8221; &#8220;ens&#8221; o &#8220;el [&hellip;]<\/p>\n","protected":false},"author":1,"featured_media":0,"parent":0,"menu_order":0,"comment_status":"closed","ping_status":"closed","template":"","meta":{"footnotes":""},"class_list":["post-5888","page","type-page","status-publish","hentry"],"_links":{"self":[{"href":"https:\/\/pascuetoffroad.com\/ca\/wp-json\/wp\/v2\/pages\/5888","targetHints":{"allow":["GET"]}}],"collection":[{"href":"https:\/\/pascuetoffroad.com\/ca\/wp-json\/wp\/v2\/pages"}],"about":[{"href":"https:\/\/pascuetoffroad.com\/ca\/wp-json\/wp\/v2\/types\/page"}],"author":[{"embeddable":true,"href":"https:\/\/pascuetoffroad.com\/ca\/wp-json\/wp\/v2\/users\/1"}],"replies":[{"embeddable":true,"href":"https:\/\/pascuetoffroad.com\/ca\/wp-json\/wp\/v2\/comments?post=5888"}],"version-history":[{"count":2,"href":"https:\/\/pascuetoffroad.com\/ca\/wp-json\/wp\/v2\/pages\/5888\/revisions"}],"predecessor-version":[{"id":5895,"href":"https:\/\/pascuetoffroad.com\/ca\/wp-json\/wp\/v2\/pages\/5888\/revisions\/5895"}],"wp:attachment":[{"href":"https:\/\/pascuetoffroad.com\/ca\/wp-json\/wp\/v2\/media?parent=5888"}],"curies":[{"name":"wp","href":"https:\/\/api.w.org\/{rel}","templated":true}]}}