{"id":5121,"date":"2024-08-30T13:40:07","date_gmt":"2024-08-30T13:40:07","guid":{"rendered":"https:\/\/pasquet.greenit.cat\/product\/day-pass-ca\/"},"modified":"2025-12-18T12:44:38","modified_gmt":"2025-12-18T12:44:38","slug":"abonament-de-dia","status":"publish","type":"product","link":"https:\/\/pascuetoffroad.com\/ca\/product\/abonament-de-dia\/","title":{"rendered":"Abonament de dia"},"content":{"rendered":"<p>Un passi d&#8217;un dia us permet entrar i accedir a la zona fora de la carretera durant un dia sencer, des de la sortida fins a la posta de sol.<\/p>\n<p>La zona de conducci\u00f3 inclou zones de trial artificials i naturals, tres circuits de motocr\u00f2s i zones d&#8217;enduro amb espai per a tots els nivells.<\/p>\n<p>OPCIONAL &#8211; Hi ha disponible una asseguran\u00e7a d&#8217;accidents.<\/p>\n<p><strong>Si compreu el passi d&#8217;un dia per a m\u00e9s d&#8217;un passatger, cada passatger ha de registrar-se individualment i acceptar l&#8217;exempci\u00f3 de responsabilitat.<\/strong><\/p>\n<p><strong>Per accedir a la zona, dirigiu-vos a recepci\u00f3 per presentar el comprovant de compra i l&#8217;av\u00eds legal degudament emplenat per rebre una polsera d&#8217;acc\u00e9s.<\/strong> <\/p>\n<p>&nbsp;<\/p>\n","protected":false},"excerpt":{"rendered":"<p>Un passi d&#8217;un dia us permet entrar i accedir a la zona fora de la carretera durant un dia sencer, des de la sortida fins a la posta de sol.<\/p>\n<p>La zona de conducci\u00f3 inclou zones de trial artificials i naturals, tres circuits de motocr\u00f2s i zones d&#8217;enduro amb espai per a tots els nivells.<\/p>\n<p>OPCIONAL &#8211; Hi ha disponible una asseguran\u00e7a d&#8217;accidents.<\/p>\n<p><strong>Si compreu el passi d&#8217;un dia per a m\u00e9s d&#8217;un passatger, cada passatger ha de registrar-se individualment i acceptar l&#8217;exempci\u00f3 de responsabilitat.<\/strong><\/p>\n<p><strong>Per accedir a la zona, dirigiu-vos a recepci\u00f3 per presentar el comprovant de compra i l&#8217;av\u00eds legal degudament emplenat per rebre una polsera d&#8217;acc\u00e9s.<\/strong> <\/p>\n","protected":false},"featured_media":4370,"template":"","meta":[],"product_brand":[],"product_cat":[186,185,184],"product_tag":[],"class_list":{"0":"post-5121","1":"product","2":"type-product","3":"status-publish","4":"has-post-thumbnail","6":"product_cat-cursos-ca","7":"product_cat-guide-ca","8":"product_cat-sense-categoria","10":"first","11":"instock","12":"sale","13":"taxable","14":"shipping-taxable","15":"purchasable","16":"product-type-variable"},"_links":{"self":[{"href":"https:\/\/pascuetoffroad.com\/ca\/wp-json\/wp\/v2\/product\/5121","targetHints":{"allow":["GET"]}}],"collection":[{"href":"https:\/\/pascuetoffroad.com\/ca\/wp-json\/wp\/v2\/product"}],"about":[{"href":"https:\/\/pascuetoffroad.com\/ca\/wp-json\/wp\/v2\/types\/product"}],"wp:featuredmedia":[{"embeddable":true,"href":"https:\/\/pascuetoffroad.com\/ca\/wp-json\/wp\/v2\/media\/4370"}],"wp:attachment":[{"href":"https:\/\/pascuetoffroad.com\/ca\/wp-json\/wp\/v2\/media?parent=5121"}],"wp:term":[{"taxonomy":"product_brand","embeddable":true,"href":"https:\/\/pascuetoffroad.com\/ca\/wp-json\/wp\/v2\/product_brand?post=5121"},{"taxonomy":"product_cat","embeddable":true,"href":"https:\/\/pascuetoffroad.com\/ca\/wp-json\/wp\/v2\/product_cat?post=5121"},{"taxonomy":"product_tag","embeddable":true,"href":"https:\/\/pascuetoffroad.com\/ca\/wp-json\/wp\/v2\/product_tag?post=5121"}],"curies":[{"name":"wp","href":"https:\/\/api.w.org\/{rel}","templated":true}]}}