{"id":5749,"date":"2024-09-16T08:52:53","date_gmt":"2024-09-16T08:52:53","guid":{"rendered":"https:\/\/pasquet.greenit.cat\/product\/beta-xtrainer-300\/"},"modified":"2026-03-28T12:53:16","modified_gmt":"2026-03-28T12:53:16","slug":"beta-xtrainer-300","status":"publish","type":"product","link":"https:\/\/pascuetoffroad.com\/ca\/product\/beta-xtrainer-300\/","title":{"rendered":"BETA <br>XTRAINER 300"},"content":{"rendered":"<p>MOTOR: 300CC 2 temps<br \/>\n6 marxes<br \/>\nSEIENT: Si<br \/>\nEdat: m\u00e9s de 16 anys<br \/>\nRequereix experi\u00e8ncia en Enduro<br \/>\n1 Unitat<\/p>\n<p>Inclou abonament del dia<\/p>\n<p>&nbsp;<\/p>\n<p data-start=\"128\" data-end=\"162\">\ud83c\udfcd\ufe0f <strong data-start=\"136\" data-end=\"162\">MOTOR: 300cc 2T<\/strong><\/p>\n<ul data-start=\"163\" data-end=\"356\">\n<li data-start=\"163\" data-end=\"188\">\n<p data-start=\"165\" data-end=\"188\"><strong data-start=\"165\" data-end=\"177\">Caixa de canvis:<\/strong> 6 marxes<\/p>\n<\/li>\n<li data-start=\"163\" data-end=\"188\">\n<p data-start=\"165\" data-end=\"188\"><strong>Seient:<\/strong> Si<\/p>\n<\/li>\n<li data-start=\"220\" data-end=\"254\">\n<p data-start=\"222\" data-end=\"254\"><strong data-start=\"222\" data-end=\"242\">Edat recomanada:<\/strong> + 16 anys<\/p>\n<\/li>\n<li data-start=\"255\" data-end=\"303\">\n<p data-start=\"257\" data-end=\"303\"><strong data-start=\"257\" data-end=\"267\">Nivell:<\/strong> Expert, requereix experi\u00e8ncia en enduro<\/p>\n<\/li>\n<\/ul>\n<ul data-start=\"163\" data-end=\"356\">\n<li data-start=\"255\" data-end=\"303\"><strong data-start=\"332\" data-end=\"352\">Unitats disponibles:<\/strong> 1<\/li>\n<\/ul>\n<p data-start=\"358\" data-end=\"431\">\ud83d\udca5 <strong data-start=\"361\" data-end=\"374\">Inclou:<\/strong> <em data-start=\"375\" data-end=\"390\">Passi d&#8217;un dia complet<\/em><br data-start=\"390\" data-end=\"393\" \/>\u26a0\ufe0f <strong data-start=\"396\" data-end=\"413\">No incl\u00f2s:<\/strong> <em data-start=\"414\" data-end=\"431\">Equipament per al pilot<\/em><\/p>\n","protected":false},"excerpt":{"rendered":"<p>Per reservar una moto:<\/p>\n<ol>\n<li>Introdueix el n\u00famero de hores de lloguer: m\u00ednim 3h i m\u00e1xim 6h.<\/li>\n<li>Introduix la data.<\/li>\n<li>Selecciona l&#8217;hora d&#8217;inici.<\/li>\n<li>Afegeix a la cistella.<\/li>\n<\/ol>\n","protected":false},"featured_media":7029,"template":"","meta":[],"product_brand":[],"product_cat":[222],"product_tag":[],"class_list":{"0":"post-5749","1":"product","2":"type-product","3":"status-publish","4":"has-post-thumbnail","6":"product_cat-bicicletes","8":"first","9":"instock","10":"taxable","11":"shipping-taxable","12":"purchasable","13":"product-type-simple"},"_links":{"self":[{"href":"https:\/\/pascuetoffroad.com\/ca\/wp-json\/wp\/v2\/product\/5749","targetHints":{"allow":["GET"]}}],"collection":[{"href":"https:\/\/pascuetoffroad.com\/ca\/wp-json\/wp\/v2\/product"}],"about":[{"href":"https:\/\/pascuetoffroad.com\/ca\/wp-json\/wp\/v2\/types\/product"}],"wp:featuredmedia":[{"embeddable":true,"href":"https:\/\/pascuetoffroad.com\/ca\/wp-json\/wp\/v2\/media\/7029"}],"wp:attachment":[{"href":"https:\/\/pascuetoffroad.com\/ca\/wp-json\/wp\/v2\/media?parent=5749"}],"wp:term":[{"taxonomy":"product_brand","embeddable":true,"href":"https:\/\/pascuetoffroad.com\/ca\/wp-json\/wp\/v2\/product_brand?post=5749"},{"taxonomy":"product_cat","embeddable":true,"href":"https:\/\/pascuetoffroad.com\/ca\/wp-json\/wp\/v2\/product_cat?post=5749"},{"taxonomy":"product_tag","embeddable":true,"href":"https:\/\/pascuetoffroad.com\/ca\/wp-json\/wp\/v2\/product_tag?post=5749"}],"curies":[{"name":"wp","href":"https:\/\/api.w.org\/{rel}","templated":true}]}}